{"id":483,"date":"2025-03-12T07:32:39","date_gmt":"2025-03-12T07:32:39","guid":{"rendered":"https:\/\/tresora.barcelona\/about-us\/"},"modified":"2025-04-30T10:54:16","modified_gmt":"2025-04-30T10:54:16","slug":"nosotros","status":"publish","type":"page","link":"https:\/\/tresora.barcelona\/es\/nosotros\/","title":{"rendered":"Dise\u00f1o de moda infantil en Barcelona"},"content":{"rendered":"<div class=\"wpb-content-wrapper\">[vc_row full_width=\u00bbstretch_row_content\u00bb content_placement=\u00bbbottom\u00bb css=\u00bb.vc_custom_1746010451099{padding-top: 5% !important;background-image: url(https:\/\/tresora.barcelona\/wp-content\/uploads\/2025\/03\/fonsABOUT3.jpg?id=347) !important;background-position: center !important;background-repeat: no-repeat !important;background-size: cover !important;}\u00bb][vc_column css=\u00bb.vc_custom_1739134825549{padding-top: 10% !important;padding-right: 20% !important;padding-left: 10% !important;}\u00bb][vc_empty_space height=\u00bb100px\u00bb][vc_row_inner][vc_column_inner width=\u00bb1\/2&#8243;][vc_empty_space height=\u00bb50px\u00bb][vc_column_text css=\u00bb\u00bb text_align=\u00bbleft\u00bb color=\u00bb#000000&#8243; font_size=\u00bb30&#8243; font_family=\u00bbLibre Baskerville\u00bb letter_spacing=\u00bb-1px\u00bb line_height=\u00bbtight\u00bb font_weight=\u00bb300&#8243;]Creando el <em>futuro<\/em> de la moda[\/vc_column_text][vc_empty_space height=\u00bb10px\u00bb]<style>.vcex-heading.vcex_69d3866e92b99{color:#040404;font-size:14px;font-family:Muli;font-weight:400;letter-spacing:var(--wpex-tracking-wider);}<\/style><h1 class=\"vcex-heading vcex-heading-plain vcex-module wpex-heading wpex-text-2xl vcex_69d3866e92b99\"><span class=\"vcex-heading-inner wpex-inline-block\">DISE\u00d1O DE MODA INFANTIL EN BARCELONA<\/span><\/h1>[vc_separator color=\u00bbblack\u00bb align=\u00bbalign_left\u00bb el_width=\u00bb10&#8243; css=\u00bb\u00bb][vc_empty_space height=\u00bb30px\u00bb][vc_column_text css=\u00bb\u00bb color=\u00bb#010101&#8243; font_family=\u00bbLato\u00bb]\n<p class=\"\" data-start=\"125\" data-end=\"289\">En <strong data-start=\"128\" data-end=\"149\">Tr\u00e9sora Barcelona<\/strong>, creemos que la gran moda comienza con una visi\u00f3n: una visi\u00f3n que fusiona <strong data-start=\"224\" data-end=\"288\">creatividad, artesan\u00eda y un profundo conocimiento del textil<\/strong>.<\/p>\n<p class=\"\" data-start=\"291\" data-end=\"563\"><strong data-start=\"291\" data-end=\"312\">Tr\u00e9sora Barcelona<\/strong> se basa en la idea de que la moda es m\u00e1s que est\u00e9tica: se trata de <strong data-start=\"380\" data-end=\"417\">precisi\u00f3n, estrategia y narrativa<\/strong>. Desde el primer boceto hasta la prenda final, nos aseguramos de que cada pieza refleje <strong data-start=\"506\" data-end=\"562\">calidad, creatividad y la esencia del dise\u00f1o moderno<\/strong>.<\/p>\n<p class=\"\" data-start=\"565\" data-end=\"880\">Cada colecci\u00f3n nace de un proceso meticuloso donde la <strong data-start=\"619\" data-end=\"663\">innovaci\u00f3n se encuentra con la tradici\u00f3n<\/strong>. Nuestro enfoque se basa en un profundo entendimiento de los <strong data-start=\"725\" data-end=\"778\">tejidos, el fitting y las necesidades del mercado<\/strong>, garantizando que cada dise\u00f1o no solo sea visualmente atractivo, sino tambi\u00e9n t\u00e9cnicamente impecable.<\/p>\n<blockquote>\n<p class=\"\" data-start=\"882\" data-end=\"1194\">Colaboramos estrechamente con las marcas para traducir conceptos creativos en productos comercialmente exitosos, combinando <strong data-start=\"1006\" data-end=\"1055\">est\u00e9tica en tendencia con artesan\u00eda funcional<\/strong>. Con una visi\u00f3n global y una pasi\u00f3n por el detalle, creamos piezas que <strong data-start=\"1127\" data-end=\"1193\">resuenan con los consumidores actuales y perduran en el tiempo<\/strong>.<\/p>\n<\/blockquote>\n[\/vc_column_text][vc_empty_space height=\u00bb30px\u00bb][\/vc_column_inner][vc_column_inner width=\u00bb1\/2&#8243;][\/vc_column_inner][\/vc_row_inner][\/vc_column][\/vc_row][vc_row full_width=\u00bbstretch_row_content\u00bb content_placement=\u00bbbottom\u00bb css=\u00bb.vc_custom_1741770725972{padding-top: 10% !important;padding-bottom: 10% !important;padding-left: 15% !important;}\u00bb][vc_column width=\u00bb1\/2&#8243; css=\u00bb.vc_custom_1741770791298{margin-right: 10% !important;margin-left: 10% !important;background-image: url(https:\/\/tresora.barcelona\/wp-content\/uploads\/2025\/03\/sandra1-1.jpg?id=368) !important;background-position: center !important;background-repeat: no-repeat !important;background-size: contain !important;}\u00bb][vc_empty_space height=\u00bb300px\u00bb][vc_empty_space height=\u00bb50px\u00bb][vc_column_text css=\u00bb.vc_custom_1741816226868{padding-top: 4% !important;padding-bottom: 25% !important;padding-left: 5% !important;background-color: #DC9C7C91 !important;}\u00bb text_align=\u00bbleft\u00bb color=\u00bb#000000&#8243; line_height=\u00bb16px\u00bb]<span style=\"font-size: 20px;\"><strong>Sandra Conde<\/strong><\/span><br \/>\nTr\u00e9sora.Barcelona[\/vc_column_text][vc_empty_space height=\u00bb50px\u00bb][\/vc_column][vc_column width=\u00bb1\/2&#8243; css=\u00bb.vc_custom_1741770411920{padding-left: 1% !important;}\u00bb][vc_row_inner][vc_column_inner width=\u00bb5\/6&#8243;][vc_column_text css=\u00bb\u00bb text_align=\u00bbleft\u00bb color=\u00bb#000000&#8243; font_size=\u00bb30&#8243; font_family=\u00bbLibre Baskerville\u00bb letter_spacing=\u00bb-1px\u00bb line_height=\u00bbtight\u00bb font_weight=\u00bb300&#8243;]La <em>visi\u00f3n<\/em> detr\u00e1s de Tr\u00e9sora[\/vc_column_text][vc_empty_space height=\u00bb30px\u00bb][vc_column_text css=\u00bb.vc_custom_1744015676674{padding-right: 5% !important;}\u00bb color=\u00bb#010101&#8243; font_family=\u00bbLato\u00bb]\n<p class=\"\" data-start=\"1238\" data-end=\"1548\">Fundada por <strong data-start=\"1250\" data-end=\"1266\">Sandra Conde<\/strong>, dise\u00f1adora con m\u00e1s de una d\u00e9cada de experiencia en <strong data-start=\"1319\" data-end=\"1368\">dise\u00f1o de moda, desarrollo t\u00e9cnico y sourcing<\/strong>, Tr\u00e9sora Barcelona es m\u00e1s que un estudio de dise\u00f1o. Es un centro creativo donde las ideas se transforman en <strong data-start=\"1477\" data-end=\"1547\">colecciones atemporales y de alta calidad para la nueva generaci\u00f3n<\/strong>.<\/p>\n<p class=\"\" data-start=\"1550\" data-end=\"1854\">Con una trayectoria en marcas internacionales de primer nivel y una pasi\u00f3n por la <strong data-start=\"1632\" data-end=\"1669\">moda infantil, juvenil y el denim<\/strong>, Sandra combina su experiencia en <strong data-start=\"1704\" data-end=\"1783\">investigaci\u00f3n de tendencias, selecci\u00f3n de tejidos y construcci\u00f3n de prendas<\/strong> para crear dise\u00f1os tanto <strong data-start=\"1809\" data-end=\"1853\">innovadores como exitosos comercialmente<\/strong>.<\/p>\n<p class=\"\" data-start=\"1856\" data-end=\"1912\"><strong data-start=\"1859\" data-end=\"1912\">Con base en Barcelona, trabajando a nivel global.<\/strong><\/p>\n[\/vc_column_text][vc_empty_space height=\u00bb20px\u00bb][vc_btn title=\u00bbCONTACTA\u00bb style=\u00bboutline\u00bb color=\u00bbblack\u00bb size=\u00bbxs\u00bb align=\u00bbleft\u00bb css=\u00bb\u00bb][\/vc_column_inner][vc_column_inner width=\u00bb1\/6&#8243;][\/vc_column_inner][\/vc_row_inner][\/vc_column][\/vc_row]\n<\/div>","protected":false},"excerpt":{"rendered":"<p>[vc_row full_width=\u00bbstretch_row_content\u00bb content_placement=\u00bbbottom\u00bb css=\u00bb.vc_custom_1746010451099{padding-top: 5% !important;background-image: url(https:\/\/tresora.barcelona\/wp-content\/uploads\/2025\/03\/fonsABOUT3.jpg?id=347) !important;background-position: center !important;background-repeat: no-repeat !important;background-size: cover !important;}\u00bb][vc_column css=\u00bb.vc_custom_1739134825549{padding-top: 10% !important;padding-right: 20% !important;padding-left: 10% !important;}\u00bb][vc_empty_space height=\u00bb100px\u00bb][vc_row_inner][vc_column_inner width=\u00bb1\/2&#8243;][vc_empty_space height=\u00bb50px\u00bb][vc_column_text css=\u00bb\u00bb text_align=\u00bbleft\u00bb color=\u00bb#000000&#8243; font_size=\u00bb30&#8243; font_family=\u00bbLibre Baskerville\u00bb letter_spacing=\u00bb-1px\u00bb line_height=\u00bbtight\u00bb font_weight=\u00bb300&#8243;]Creando el futuro de la moda[\/vc_column_text][vc_empty_space height=\u00bb10px\u00bb][vc_separator color=\u00bbblack\u00bb align=\u00bbalign_left\u00bb el_width=\u00bb10&#8243; css=\u00bb\u00bb][vc_empty_space height=\u00bb30px\u00bb][vc_column_text css=\u00bb\u00bb color=\u00bb#010101&#8243; font_family=\u00bbLato\u00bb] En Tr\u00e9sora Barcelona, creemos que la gran moda&hellip;<\/p>\n","protected":false},"author":2,"featured_media":527,"parent":0,"menu_order":0,"comment_status":"closed","ping_status":"closed","template":"","meta":{"footnotes":""},"class_list":["post-483","page","type-page","status-publish","has-post-thumbnail","hentry","entry","has-media"],"yoast_head":"<!-- This site is optimized with the Yoast SEO plugin v24.8.1 - https:\/\/yoast.com\/wordpress\/plugins\/seo\/ -->\n<title>Dise\u00f1o de moda infantil en Barcelona - Tr\u00e9sora Barcelona<\/title>\n<meta name=\"description\" content=\"Tr\u00e9sora Barcelona creemos en el dise\u00f1o de moda infantil en Barcelona. Una visi\u00f3n que fusiona creatividad, artesan\u00eda y conocimiento textil\" \/>\n<meta name=\"robots\" content=\"index, follow, max-snippet:-1, max-image-preview:large, max-video-preview:-1\" \/>\n<link rel=\"canonical\" href=\"https:\/\/tresora.barcelona\/es\/nosotros\/\" \/>\n<meta property=\"og:locale\" content=\"es_ES\" \/>\n<meta property=\"og:type\" content=\"article\" \/>\n<meta property=\"og:title\" content=\"Dise\u00f1o de moda infantil en Barcelona - Tr\u00e9sora Barcelona\" \/>\n<meta property=\"og:description\" content=\"Tr\u00e9sora Barcelona creemos en el dise\u00f1o de moda infantil en Barcelona. Una visi\u00f3n que fusiona creatividad, artesan\u00eda y conocimiento textil\" \/>\n<meta property=\"og:url\" content=\"https:\/\/tresora.barcelona\/es\/nosotros\/\" \/>\n<meta property=\"og:site_name\" content=\"Tr\u00e9sora Barcelona\" \/>\n<meta property=\"article:modified_time\" content=\"2025-04-30T10:54:16+00:00\" \/>\n<meta property=\"og:image\" content=\"https:\/\/tresora.barcelona\/wp-content\/uploads\/2025\/04\/Diseno-de-moda-infantil-en-Barcelona-Tresora-Barcelona.jpg\" \/>\n\t<meta property=\"og:image:width\" content=\"500\" \/>\n\t<meta property=\"og:image:height\" content=\"500\" \/>\n\t<meta property=\"og:image:type\" content=\"image\/jpeg\" \/>\n<meta name=\"twitter:card\" content=\"summary_large_image\" \/>\n<meta name=\"twitter:label1\" content=\"Tiempo de lectura\" \/>\n\t<meta name=\"twitter:data1\" content=\"2 minutos\" \/>\n<script type=\"application\/ld+json\" class=\"yoast-schema-graph\">{\"@context\":\"https:\/\/schema.org\",\"@graph\":[{\"@type\":\"WebPage\",\"@id\":\"https:\/\/tresora.barcelona\/es\/nosotros\/\",\"url\":\"https:\/\/tresora.barcelona\/es\/nosotros\/\",\"name\":\"Dise\u00f1o de moda infantil en Barcelona - Tr\u00e9sora Barcelona\",\"isPartOf\":{\"@id\":\"https:\/\/tresora.barcelona\/#website\"},\"primaryImageOfPage\":{\"@id\":\"https:\/\/tresora.barcelona\/es\/nosotros\/#primaryimage\"},\"image\":{\"@id\":\"https:\/\/tresora.barcelona\/es\/nosotros\/#primaryimage\"},\"thumbnailUrl\":\"https:\/\/tresora.barcelona\/wp-content\/uploads\/2025\/04\/Diseno-de-moda-infantil-en-Barcelona-Tresora-Barcelona.jpg\",\"datePublished\":\"2025-03-12T07:32:39+00:00\",\"dateModified\":\"2025-04-30T10:54:16+00:00\",\"description\":\"Tr\u00e9sora Barcelona creemos en el dise\u00f1o de moda infantil en Barcelona. Una visi\u00f3n que fusiona creatividad, artesan\u00eda y conocimiento textil\",\"breadcrumb\":{\"@id\":\"https:\/\/tresora.barcelona\/es\/nosotros\/#breadcrumb\"},\"inLanguage\":\"es\",\"potentialAction\":[{\"@type\":\"ReadAction\",\"target\":[\"https:\/\/tresora.barcelona\/es\/nosotros\/\"]}]},{\"@type\":\"ImageObject\",\"inLanguage\":\"es\",\"@id\":\"https:\/\/tresora.barcelona\/es\/nosotros\/#primaryimage\",\"url\":\"https:\/\/tresora.barcelona\/wp-content\/uploads\/2025\/04\/Diseno-de-moda-infantil-en-Barcelona-Tresora-Barcelona.jpg\",\"contentUrl\":\"https:\/\/tresora.barcelona\/wp-content\/uploads\/2025\/04\/Diseno-de-moda-infantil-en-Barcelona-Tresora-Barcelona.jpg\",\"width\":500,\"height\":500,\"caption\":\"Dise\u00f1o de moda infantil en Barcelona\"},{\"@type\":\"BreadcrumbList\",\"@id\":\"https:\/\/tresora.barcelona\/es\/nosotros\/#breadcrumb\",\"itemListElement\":[{\"@type\":\"ListItem\",\"position\":1,\"name\":\"Home\",\"item\":\"https:\/\/tresora.barcelona\/es\/\"},{\"@type\":\"ListItem\",\"position\":2,\"name\":\"Dise\u00f1o de moda infantil en Barcelona\"}]},{\"@type\":\"WebSite\",\"@id\":\"https:\/\/tresora.barcelona\/#website\",\"url\":\"https:\/\/tresora.barcelona\/\",\"name\":\"Tr\u00e9sora Barcelona\",\"description\":\"Cetrex new project\",\"publisher\":{\"@id\":\"https:\/\/tresora.barcelona\/#organization\"},\"potentialAction\":[{\"@type\":\"SearchAction\",\"target\":{\"@type\":\"EntryPoint\",\"urlTemplate\":\"https:\/\/tresora.barcelona\/?s={search_term_string}\"},\"query-input\":{\"@type\":\"PropertyValueSpecification\",\"valueRequired\":true,\"valueName\":\"search_term_string\"}}],\"inLanguage\":\"es\"},{\"@type\":\"Organization\",\"@id\":\"https:\/\/tresora.barcelona\/#organization\",\"name\":\"Tr\u00e9sora Barcelona\",\"url\":\"https:\/\/tresora.barcelona\/\",\"logo\":{\"@type\":\"ImageObject\",\"inLanguage\":\"es\",\"@id\":\"https:\/\/tresora.barcelona\/#\/schema\/logo\/image\/\",\"url\":\"https:\/\/tresora.barcelona\/wp-content\/uploads\/2025\/01\/LOGO.png\",\"contentUrl\":\"https:\/\/tresora.barcelona\/wp-content\/uploads\/2025\/01\/LOGO.png\",\"width\":1179,\"height\":478,\"caption\":\"Tr\u00e9sora Barcelona\"},\"image\":{\"@id\":\"https:\/\/tresora.barcelona\/#\/schema\/logo\/image\/\"}}]}<\/script>\n<!-- \/ Yoast SEO plugin. -->","yoast_head_json":{"title":"Dise\u00f1o de moda infantil en Barcelona - Tr\u00e9sora Barcelona","description":"Tr\u00e9sora Barcelona creemos en el dise\u00f1o de moda infantil en Barcelona. Una visi\u00f3n que fusiona creatividad, artesan\u00eda y conocimiento textil","robots":{"index":"index","follow":"follow","max-snippet":"max-snippet:-1","max-image-preview":"max-image-preview:large","max-video-preview":"max-video-preview:-1"},"canonical":"https:\/\/tresora.barcelona\/es\/nosotros\/","og_locale":"es_ES","og_type":"article","og_title":"Dise\u00f1o de moda infantil en Barcelona - Tr\u00e9sora Barcelona","og_description":"Tr\u00e9sora Barcelona creemos en el dise\u00f1o de moda infantil en Barcelona. Una visi\u00f3n que fusiona creatividad, artesan\u00eda y conocimiento textil","og_url":"https:\/\/tresora.barcelona\/es\/nosotros\/","og_site_name":"Tr\u00e9sora Barcelona","article_modified_time":"2025-04-30T10:54:16+00:00","og_image":[{"width":500,"height":500,"url":"https:\/\/tresora.barcelona\/wp-content\/uploads\/2025\/04\/Diseno-de-moda-infantil-en-Barcelona-Tresora-Barcelona.jpg","type":"image\/jpeg"}],"twitter_card":"summary_large_image","twitter_misc":{"Tiempo de lectura":"2 minutos"},"schema":{"@context":"https:\/\/schema.org","@graph":[{"@type":"WebPage","@id":"https:\/\/tresora.barcelona\/es\/nosotros\/","url":"https:\/\/tresora.barcelona\/es\/nosotros\/","name":"Dise\u00f1o de moda infantil en Barcelona - Tr\u00e9sora Barcelona","isPartOf":{"@id":"https:\/\/tresora.barcelona\/#website"},"primaryImageOfPage":{"@id":"https:\/\/tresora.barcelona\/es\/nosotros\/#primaryimage"},"image":{"@id":"https:\/\/tresora.barcelona\/es\/nosotros\/#primaryimage"},"thumbnailUrl":"https:\/\/tresora.barcelona\/wp-content\/uploads\/2025\/04\/Diseno-de-moda-infantil-en-Barcelona-Tresora-Barcelona.jpg","datePublished":"2025-03-12T07:32:39+00:00","dateModified":"2025-04-30T10:54:16+00:00","description":"Tr\u00e9sora Barcelona creemos en el dise\u00f1o de moda infantil en Barcelona. Una visi\u00f3n que fusiona creatividad, artesan\u00eda y conocimiento textil","breadcrumb":{"@id":"https:\/\/tresora.barcelona\/es\/nosotros\/#breadcrumb"},"inLanguage":"es","potentialAction":[{"@type":"ReadAction","target":["https:\/\/tresora.barcelona\/es\/nosotros\/"]}]},{"@type":"ImageObject","inLanguage":"es","@id":"https:\/\/tresora.barcelona\/es\/nosotros\/#primaryimage","url":"https:\/\/tresora.barcelona\/wp-content\/uploads\/2025\/04\/Diseno-de-moda-infantil-en-Barcelona-Tresora-Barcelona.jpg","contentUrl":"https:\/\/tresora.barcelona\/wp-content\/uploads\/2025\/04\/Diseno-de-moda-infantil-en-Barcelona-Tresora-Barcelona.jpg","width":500,"height":500,"caption":"Dise\u00f1o de moda infantil en Barcelona"},{"@type":"BreadcrumbList","@id":"https:\/\/tresora.barcelona\/es\/nosotros\/#breadcrumb","itemListElement":[{"@type":"ListItem","position":1,"name":"Home","item":"https:\/\/tresora.barcelona\/es\/"},{"@type":"ListItem","position":2,"name":"Dise\u00f1o de moda infantil en Barcelona"}]},{"@type":"WebSite","@id":"https:\/\/tresora.barcelona\/#website","url":"https:\/\/tresora.barcelona\/","name":"Tr\u00e9sora Barcelona","description":"Cetrex new project","publisher":{"@id":"https:\/\/tresora.barcelona\/#organization"},"potentialAction":[{"@type":"SearchAction","target":{"@type":"EntryPoint","urlTemplate":"https:\/\/tresora.barcelona\/?s={search_term_string}"},"query-input":{"@type":"PropertyValueSpecification","valueRequired":true,"valueName":"search_term_string"}}],"inLanguage":"es"},{"@type":"Organization","@id":"https:\/\/tresora.barcelona\/#organization","name":"Tr\u00e9sora Barcelona","url":"https:\/\/tresora.barcelona\/","logo":{"@type":"ImageObject","inLanguage":"es","@id":"https:\/\/tresora.barcelona\/#\/schema\/logo\/image\/","url":"https:\/\/tresora.barcelona\/wp-content\/uploads\/2025\/01\/LOGO.png","contentUrl":"https:\/\/tresora.barcelona\/wp-content\/uploads\/2025\/01\/LOGO.png","width":1179,"height":478,"caption":"Tr\u00e9sora Barcelona"},"image":{"@id":"https:\/\/tresora.barcelona\/#\/schema\/logo\/image\/"}}]}},"_links":{"self":[{"href":"https:\/\/tresora.barcelona\/es\/wp-json\/wp\/v2\/pages\/483","targetHints":{"allow":["GET"]}}],"collection":[{"href":"https:\/\/tresora.barcelona\/es\/wp-json\/wp\/v2\/pages"}],"about":[{"href":"https:\/\/tresora.barcelona\/es\/wp-json\/wp\/v2\/types\/page"}],"author":[{"embeddable":true,"href":"https:\/\/tresora.barcelona\/es\/wp-json\/wp\/v2\/users\/2"}],"replies":[{"embeddable":true,"href":"https:\/\/tresora.barcelona\/es\/wp-json\/wp\/v2\/comments?post=483"}],"version-history":[{"count":7,"href":"https:\/\/tresora.barcelona\/es\/wp-json\/wp\/v2\/pages\/483\/revisions"}],"predecessor-version":[{"id":530,"href":"https:\/\/tresora.barcelona\/es\/wp-json\/wp\/v2\/pages\/483\/revisions\/530"}],"wp:featuredmedia":[{"embeddable":true,"href":"https:\/\/tresora.barcelona\/es\/wp-json\/wp\/v2\/media\/527"}],"wp:attachment":[{"href":"https:\/\/tresora.barcelona\/es\/wp-json\/wp\/v2\/media?parent=483"}],"curies":[{"name":"wp","href":"https:\/\/api.w.org\/{rel}","templated":true}]}}