{"id":484,"date":"2025-03-12T09:40:01","date_gmt":"2025-03-12T09:40:01","guid":{"rendered":"https:\/\/tresora.barcelona\/clothing-design\/"},"modified":"2025-04-30T10:46:49","modified_gmt":"2025-04-30T10:46:49","slug":"diseno-textil","status":"publish","type":"page","link":"https:\/\/tresora.barcelona\/es\/diseno-textil\/","title":{"rendered":"Estudio de dise\u00f1o textil en Barcelona"},"content":{"rendered":"<div class=\"wpb-content-wrapper\">[vc_row full_width=\u00bbstretch_row_content\u00bb content_placement=\u00bbbottom\u00bb css=\u00bb.vc_custom_1746009715705{padding-top: 5% !important;background-image: url(https:\/\/tresora.barcelona\/wp-content\/uploads\/2025\/03\/fonsCLOTHING2-2.jpg?id=418) !important;background-position: center !important;background-repeat: no-repeat !important;background-size: cover !important;}\u00bb][vc_column css=\u00bb.vc_custom_1739134825549{padding-top: 10% !important;padding-right: 20% !important;padding-left: 10% !important;}\u00bb][vc_empty_space height=\u00bb100px\u00bb][vc_row_inner][vc_column_inner width=\u00bb1\/2&#8243;][\/vc_column_inner][vc_column_inner width=\u00bb1\/2&#8243;][vc_empty_space height=\u00bb50px\u00bb][vc_empty_space height=\u00bb50px\u00bb][vc_column_text css=\u00bb\u00bb text_align=\u00bbleft\u00bb color=\u00bb#000000&#8243; font_size=\u00bb30&#8243; font_family=\u00bbLibre Baskerville\u00bb letter_spacing=\u00bb-1px\u00bb line_height=\u00bbtight\u00bb font_weight=\u00bb300&#8243;]Materiales innovadores, dise\u00f1o con <em>intenci\u00f3n<\/em>[\/vc_column_text][vc_empty_space height=\u00bb10px\u00bb]<style>.vcex-heading.vcex_69d3877d1d986{color:#000000;font-size:14px;font-family:Muli;font-weight:400;letter-spacing:var(--wpex-tracking-wider);}<\/style><h1 class=\"vcex-heading vcex-heading-plain vcex-module wpex-heading wpex-text-2xl vcex_69d3877d1d986\"><span class=\"vcex-heading-inner wpex-inline-block\">ESTUDIO DE DISE\u00d1O TEXTIL EN BARCELONA<\/span><\/h1>[vc_separator color=\u00bbblack\u00bb align=\u00bbalign_left\u00bb el_width=\u00bb20&#8243; css=\u00bb\u00bb][vc_empty_space height=\u00bb30px\u00bb][vc_column_text css=\u00bb\u00bb color=\u00bb#010101&#8243; font_family=\u00bbLato\u00bb]\n<p class=\"\" data-start=\"144\" data-end=\"496\">En <strong data-start=\"147\" data-end=\"168\">Tr\u00e9sora Barcelona<\/strong>, el tejido es mucho m\u00e1s que una materia prima: es la base de un dise\u00f1o excepcional. Nuestra experiencia en <strong data-start=\"276\" data-end=\"339\">textiles t\u00e9cnicos, denim de alta gama y tejidos sostenibles<\/strong> nos permite crear colecciones que no solo son visualmente atractivas, sino tambi\u00e9n alineadas con los m\u00e1s altos est\u00e1ndares de <strong data-start=\"465\" data-end=\"495\">innovaci\u00f3n y funcionalidad<\/strong>.<\/p>\n<p class=\"\" data-start=\"498\" data-end=\"918\">Trabajamos con una cuidada selecci\u00f3n de <strong data-start=\"538\" data-end=\"572\">materiales de alto rendimiento<\/strong>, que incluye <strong data-start=\"586\" data-end=\"616\">tejidos t\u00e9cnicos avanzados<\/strong> que mejoran la durabilidad y la comodidad, <strong data-start=\"660\" data-end=\"710\">denim de lujo con lavados y acabados refinados<\/strong>, y <strong data-start=\"714\" data-end=\"736\">textiles org\u00e1nicos<\/strong> que responden a la creciente demanda de sostenibilidad. Nuestro enfoque asegura que cada prenda refleje un equilibrio entre <strong data-start=\"861\" data-end=\"917\">creatividad, calidad y aprovisionamiento responsable<\/strong>.<\/p>\n<blockquote>\n<p class=\"\" data-start=\"920\" data-end=\"1234\">Desde el concepto hasta la ejecuci\u00f3n, desarrollamos cada colecci\u00f3n con precisi\u00f3n, eligiendo materiales que elevan el dise\u00f1o, mejoran la usabilidad y responden a las necesidades del consumidor contempor\u00e1neo. En <strong data-start=\"1130\" data-end=\"1151\">Tr\u00e9sora Barcelona<\/strong>, transformamos los tejidos en verdaderas declaraciones de <strong data-start=\"1210\" data-end=\"1233\">estilo e innovaci\u00f3n<\/strong>.<\/p>\n<\/blockquote>\n[\/vc_column_text][vc_empty_space height=\u00bb30px\u00bb][\/vc_column_inner][\/vc_row_inner][\/vc_column][\/vc_row]\n<\/div>","protected":false},"excerpt":{"rendered":"<p>[vc_row full_width=\u00bbstretch_row_content\u00bb content_placement=\u00bbbottom\u00bb css=\u00bb.vc_custom_1746009715705{padding-top: 5% !important;background-image: url(https:\/\/tresora.barcelona\/wp-content\/uploads\/2025\/03\/fonsCLOTHING2-2.jpg?id=418) !important;background-position: center !important;background-repeat: no-repeat !important;background-size: cover !important;}\u00bb][vc_column css=\u00bb.vc_custom_1739134825549{padding-top: 10% !important;padding-right: 20% !important;padding-left: 10% !important;}\u00bb][vc_empty_space height=\u00bb100px\u00bb][vc_row_inner][vc_column_inner width=\u00bb1\/2&#8243;][\/vc_column_inner][vc_column_inner width=\u00bb1\/2&#8243;][vc_empty_space height=\u00bb50px\u00bb][vc_empty_space height=\u00bb50px\u00bb][vc_column_text css=\u00bb\u00bb text_align=\u00bbleft\u00bb color=\u00bb#000000&#8243; font_size=\u00bb30&#8243; font_family=\u00bbLibre Baskerville\u00bb letter_spacing=\u00bb-1px\u00bb line_height=\u00bbtight\u00bb font_weight=\u00bb300&#8243;]Materiales innovadores, dise\u00f1o con intenci\u00f3n[\/vc_column_text][vc_empty_space height=\u00bb10px\u00bb][vc_separator color=\u00bbblack\u00bb align=\u00bbalign_left\u00bb el_width=\u00bb20&#8243; css=\u00bb\u00bb][vc_empty_space height=\u00bb30px\u00bb][vc_column_text css=\u00bb\u00bb color=\u00bb#010101&#8243; font_family=\u00bbLato\u00bb] En Tr\u00e9sora Barcelona, el tejido es mucho&hellip;<\/p>\n","protected":false},"author":2,"featured_media":523,"parent":0,"menu_order":0,"comment_status":"closed","ping_status":"closed","template":"","meta":{"footnotes":""},"class_list":["post-484","page","type-page","status-publish","has-post-thumbnail","hentry","entry","has-media"],"yoast_head":"<!-- This site is optimized with the Yoast SEO plugin v24.8.1 - https:\/\/yoast.com\/wordpress\/plugins\/seo\/ -->\n<title>Estudio de dise\u00f1o textil en Barcelona - Tr\u00e9sora Barcelona<\/title>\n<meta name=\"description\" content=\"Materiales innovadores, dise\u00f1o con intenci\u00f3n. En Tr\u00e9sora Barcelona somos tu estudio de dise\u00f1o textil en Barcelona. Cons\u00faltanos\" \/>\n<meta name=\"robots\" content=\"index, follow, max-snippet:-1, max-image-preview:large, max-video-preview:-1\" \/>\n<link rel=\"canonical\" href=\"https:\/\/tresora.barcelona\/es\/diseno-textil\/\" \/>\n<meta property=\"og:locale\" content=\"es_ES\" \/>\n<meta property=\"og:type\" content=\"article\" \/>\n<meta property=\"og:title\" content=\"Estudio de dise\u00f1o textil en Barcelona - Tr\u00e9sora Barcelona\" \/>\n<meta property=\"og:description\" content=\"Materiales innovadores, dise\u00f1o con intenci\u00f3n. En Tr\u00e9sora Barcelona somos tu estudio de dise\u00f1o textil en Barcelona. Cons\u00faltanos\" \/>\n<meta property=\"og:url\" content=\"https:\/\/tresora.barcelona\/es\/diseno-textil\/\" \/>\n<meta property=\"og:site_name\" content=\"Tr\u00e9sora Barcelona\" \/>\n<meta property=\"article:modified_time\" content=\"2025-04-30T10:46:49+00:00\" \/>\n<meta property=\"og:image\" content=\"https:\/\/tresora.barcelona\/wp-content\/uploads\/2025\/04\/Estudio-de-diseno-textil-en-Barcelona-Tresora-Barcelona.jpg\" \/>\n\t<meta property=\"og:image:width\" content=\"500\" \/>\n\t<meta property=\"og:image:height\" content=\"500\" \/>\n\t<meta property=\"og:image:type\" content=\"image\/jpeg\" \/>\n<meta name=\"twitter:card\" content=\"summary_large_image\" \/>\n<meta name=\"twitter:label1\" content=\"Tiempo de lectura\" \/>\n\t<meta name=\"twitter:data1\" content=\"1 minuto\" \/>\n<script type=\"application\/ld+json\" class=\"yoast-schema-graph\">{\"@context\":\"https:\/\/schema.org\",\"@graph\":[{\"@type\":\"WebPage\",\"@id\":\"https:\/\/tresora.barcelona\/es\/diseno-textil\/\",\"url\":\"https:\/\/tresora.barcelona\/es\/diseno-textil\/\",\"name\":\"Estudio de dise\u00f1o textil en Barcelona - Tr\u00e9sora Barcelona\",\"isPartOf\":{\"@id\":\"https:\/\/tresora.barcelona\/#website\"},\"primaryImageOfPage\":{\"@id\":\"https:\/\/tresora.barcelona\/es\/diseno-textil\/#primaryimage\"},\"image\":{\"@id\":\"https:\/\/tresora.barcelona\/es\/diseno-textil\/#primaryimage\"},\"thumbnailUrl\":\"https:\/\/tresora.barcelona\/wp-content\/uploads\/2025\/04\/Estudio-de-diseno-textil-en-Barcelona-Tresora-Barcelona.jpg\",\"datePublished\":\"2025-03-12T09:40:01+00:00\",\"dateModified\":\"2025-04-30T10:46:49+00:00\",\"description\":\"Materiales innovadores, dise\u00f1o con intenci\u00f3n. En Tr\u00e9sora Barcelona somos tu estudio de dise\u00f1o textil en Barcelona. Cons\u00faltanos\",\"breadcrumb\":{\"@id\":\"https:\/\/tresora.barcelona\/es\/diseno-textil\/#breadcrumb\"},\"inLanguage\":\"es\",\"potentialAction\":[{\"@type\":\"ReadAction\",\"target\":[\"https:\/\/tresora.barcelona\/es\/diseno-textil\/\"]}]},{\"@type\":\"ImageObject\",\"inLanguage\":\"es\",\"@id\":\"https:\/\/tresora.barcelona\/es\/diseno-textil\/#primaryimage\",\"url\":\"https:\/\/tresora.barcelona\/wp-content\/uploads\/2025\/04\/Estudio-de-diseno-textil-en-Barcelona-Tresora-Barcelona.jpg\",\"contentUrl\":\"https:\/\/tresora.barcelona\/wp-content\/uploads\/2025\/04\/Estudio-de-diseno-textil-en-Barcelona-Tresora-Barcelona.jpg\",\"width\":500,\"height\":500,\"caption\":\"Estudio de dise\u00f1o textil en Barcelona\"},{\"@type\":\"BreadcrumbList\",\"@id\":\"https:\/\/tresora.barcelona\/es\/diseno-textil\/#breadcrumb\",\"itemListElement\":[{\"@type\":\"ListItem\",\"position\":1,\"name\":\"Home\",\"item\":\"https:\/\/tresora.barcelona\/es\/\"},{\"@type\":\"ListItem\",\"position\":2,\"name\":\"Estudio de dise\u00f1o textil en Barcelona\"}]},{\"@type\":\"WebSite\",\"@id\":\"https:\/\/tresora.barcelona\/#website\",\"url\":\"https:\/\/tresora.barcelona\/\",\"name\":\"Tr\u00e9sora Barcelona\",\"description\":\"Cetrex new project\",\"publisher\":{\"@id\":\"https:\/\/tresora.barcelona\/#organization\"},\"potentialAction\":[{\"@type\":\"SearchAction\",\"target\":{\"@type\":\"EntryPoint\",\"urlTemplate\":\"https:\/\/tresora.barcelona\/?s={search_term_string}\"},\"query-input\":{\"@type\":\"PropertyValueSpecification\",\"valueRequired\":true,\"valueName\":\"search_term_string\"}}],\"inLanguage\":\"es\"},{\"@type\":\"Organization\",\"@id\":\"https:\/\/tresora.barcelona\/#organization\",\"name\":\"Tr\u00e9sora Barcelona\",\"url\":\"https:\/\/tresora.barcelona\/\",\"logo\":{\"@type\":\"ImageObject\",\"inLanguage\":\"es\",\"@id\":\"https:\/\/tresora.barcelona\/#\/schema\/logo\/image\/\",\"url\":\"https:\/\/tresora.barcelona\/wp-content\/uploads\/2025\/01\/LOGO.png\",\"contentUrl\":\"https:\/\/tresora.barcelona\/wp-content\/uploads\/2025\/01\/LOGO.png\",\"width\":1179,\"height\":478,\"caption\":\"Tr\u00e9sora Barcelona\"},\"image\":{\"@id\":\"https:\/\/tresora.barcelona\/#\/schema\/logo\/image\/\"}}]}<\/script>\n<!-- \/ Yoast SEO plugin. -->","yoast_head_json":{"title":"Estudio de dise\u00f1o textil en Barcelona - Tr\u00e9sora Barcelona","description":"Materiales innovadores, dise\u00f1o con intenci\u00f3n. En Tr\u00e9sora Barcelona somos tu estudio de dise\u00f1o textil en Barcelona. Cons\u00faltanos","robots":{"index":"index","follow":"follow","max-snippet":"max-snippet:-1","max-image-preview":"max-image-preview:large","max-video-preview":"max-video-preview:-1"},"canonical":"https:\/\/tresora.barcelona\/es\/diseno-textil\/","og_locale":"es_ES","og_type":"article","og_title":"Estudio de dise\u00f1o textil en Barcelona - Tr\u00e9sora Barcelona","og_description":"Materiales innovadores, dise\u00f1o con intenci\u00f3n. En Tr\u00e9sora Barcelona somos tu estudio de dise\u00f1o textil en Barcelona. Cons\u00faltanos","og_url":"https:\/\/tresora.barcelona\/es\/diseno-textil\/","og_site_name":"Tr\u00e9sora Barcelona","article_modified_time":"2025-04-30T10:46:49+00:00","og_image":[{"width":500,"height":500,"url":"https:\/\/tresora.barcelona\/wp-content\/uploads\/2025\/04\/Estudio-de-diseno-textil-en-Barcelona-Tresora-Barcelona.jpg","type":"image\/jpeg"}],"twitter_card":"summary_large_image","twitter_misc":{"Tiempo de lectura":"1 minuto"},"schema":{"@context":"https:\/\/schema.org","@graph":[{"@type":"WebPage","@id":"https:\/\/tresora.barcelona\/es\/diseno-textil\/","url":"https:\/\/tresora.barcelona\/es\/diseno-textil\/","name":"Estudio de dise\u00f1o textil en Barcelona - Tr\u00e9sora Barcelona","isPartOf":{"@id":"https:\/\/tresora.barcelona\/#website"},"primaryImageOfPage":{"@id":"https:\/\/tresora.barcelona\/es\/diseno-textil\/#primaryimage"},"image":{"@id":"https:\/\/tresora.barcelona\/es\/diseno-textil\/#primaryimage"},"thumbnailUrl":"https:\/\/tresora.barcelona\/wp-content\/uploads\/2025\/04\/Estudio-de-diseno-textil-en-Barcelona-Tresora-Barcelona.jpg","datePublished":"2025-03-12T09:40:01+00:00","dateModified":"2025-04-30T10:46:49+00:00","description":"Materiales innovadores, dise\u00f1o con intenci\u00f3n. En Tr\u00e9sora Barcelona somos tu estudio de dise\u00f1o textil en Barcelona. Cons\u00faltanos","breadcrumb":{"@id":"https:\/\/tresora.barcelona\/es\/diseno-textil\/#breadcrumb"},"inLanguage":"es","potentialAction":[{"@type":"ReadAction","target":["https:\/\/tresora.barcelona\/es\/diseno-textil\/"]}]},{"@type":"ImageObject","inLanguage":"es","@id":"https:\/\/tresora.barcelona\/es\/diseno-textil\/#primaryimage","url":"https:\/\/tresora.barcelona\/wp-content\/uploads\/2025\/04\/Estudio-de-diseno-textil-en-Barcelona-Tresora-Barcelona.jpg","contentUrl":"https:\/\/tresora.barcelona\/wp-content\/uploads\/2025\/04\/Estudio-de-diseno-textil-en-Barcelona-Tresora-Barcelona.jpg","width":500,"height":500,"caption":"Estudio de dise\u00f1o textil en Barcelona"},{"@type":"BreadcrumbList","@id":"https:\/\/tresora.barcelona\/es\/diseno-textil\/#breadcrumb","itemListElement":[{"@type":"ListItem","position":1,"name":"Home","item":"https:\/\/tresora.barcelona\/es\/"},{"@type":"ListItem","position":2,"name":"Estudio de dise\u00f1o textil en Barcelona"}]},{"@type":"WebSite","@id":"https:\/\/tresora.barcelona\/#website","url":"https:\/\/tresora.barcelona\/","name":"Tr\u00e9sora Barcelona","description":"Cetrex new project","publisher":{"@id":"https:\/\/tresora.barcelona\/#organization"},"potentialAction":[{"@type":"SearchAction","target":{"@type":"EntryPoint","urlTemplate":"https:\/\/tresora.barcelona\/?s={search_term_string}"},"query-input":{"@type":"PropertyValueSpecification","valueRequired":true,"valueName":"search_term_string"}}],"inLanguage":"es"},{"@type":"Organization","@id":"https:\/\/tresora.barcelona\/#organization","name":"Tr\u00e9sora Barcelona","url":"https:\/\/tresora.barcelona\/","logo":{"@type":"ImageObject","inLanguage":"es","@id":"https:\/\/tresora.barcelona\/#\/schema\/logo\/image\/","url":"https:\/\/tresora.barcelona\/wp-content\/uploads\/2025\/01\/LOGO.png","contentUrl":"https:\/\/tresora.barcelona\/wp-content\/uploads\/2025\/01\/LOGO.png","width":1179,"height":478,"caption":"Tr\u00e9sora Barcelona"},"image":{"@id":"https:\/\/tresora.barcelona\/#\/schema\/logo\/image\/"}}]}},"_links":{"self":[{"href":"https:\/\/tresora.barcelona\/es\/wp-json\/wp\/v2\/pages\/484","targetHints":{"allow":["GET"]}}],"collection":[{"href":"https:\/\/tresora.barcelona\/es\/wp-json\/wp\/v2\/pages"}],"about":[{"href":"https:\/\/tresora.barcelona\/es\/wp-json\/wp\/v2\/types\/page"}],"author":[{"embeddable":true,"href":"https:\/\/tresora.barcelona\/es\/wp-json\/wp\/v2\/users\/2"}],"replies":[{"embeddable":true,"href":"https:\/\/tresora.barcelona\/es\/wp-json\/wp\/v2\/comments?post=484"}],"version-history":[{"count":4,"href":"https:\/\/tresora.barcelona\/es\/wp-json\/wp\/v2\/pages\/484\/revisions"}],"predecessor-version":[{"id":525,"href":"https:\/\/tresora.barcelona\/es\/wp-json\/wp\/v2\/pages\/484\/revisions\/525"}],"wp:featuredmedia":[{"embeddable":true,"href":"https:\/\/tresora.barcelona\/es\/wp-json\/wp\/v2\/media\/523"}],"wp:attachment":[{"href":"https:\/\/tresora.barcelona\/es\/wp-json\/wp\/v2\/media?parent=484"}],"curies":[{"name":"wp","href":"https:\/\/api.w.org\/{rel}","templated":true}]}}