{"id":485,"date":"2025-03-12T21:30:01","date_gmt":"2025-03-12T21:30:01","guid":{"rendered":"https:\/\/tresora.barcelona\/inspiration\/"},"modified":"2025-04-07T08:49:36","modified_gmt":"2025-04-07T08:49:36","slug":"inspiracion","status":"publish","type":"page","link":"https:\/\/tresora.barcelona\/es\/inspiracion\/","title":{"rendered":"Inspiraci\u00f3n"},"content":{"rendered":"<div class=\"wpb-content-wrapper\">[vc_row full_width=\u00bbstretch_row_content\u00bb content_placement=\u00bbbottom\u00bb css=\u00bb.vc_custom_1741815619560{padding-top: 5% !important;background-image: url(https:\/\/tresora.barcelona\/wp-content\/uploads\/2025\/03\/fonsINSPIRATION-1.jpg?id=434) !important;background-position: center !important;background-repeat: no-repeat !important;background-size: cover !important;}\u00bb][vc_column css=\u00bb.vc_custom_1741815507552{padding-top: 10% !important;}\u00bb][vc_empty_space height=\u00bb200px\u00bb][vc_row_inner][vc_column_inner width=\u00bb1\/4&#8243;][\/vc_column_inner][vc_column_inner width=\u00bb1\/2&#8243; css=\u00bb.vc_custom_1741815366384{padding-top: 5% !important;padding-right: 5% !important;padding-bottom: 5% !important;padding-left: 5% !important;background-color: #FFFFFF91 !important;border-radius: 10px !important;}\u00bb][vc_empty_space height=\u00bb50px\u00bb][vc_column_text css=\u00bb\u00bb text_align=\u00bbcenter\u00bb color=\u00bb#000000&#8243; font_size=\u00bb30&#8243; font_family=\u00bbLibre Baskerville\u00bb letter_spacing=\u00bb-1px\u00bb line_height=\u00bbtight\u00bb font_weight=\u00bb300&#8243;]Una fusi\u00f3n de herencia,<em> innovaci\u00f3n<\/em> y arte textil para la nueva generaci\u00f3n[\/vc_column_text][vc_empty_space height=\u00bb10px\u00bb][vc_column_text css=\u00bb\u00bb text_align=\u00bbcenter\u00bb color=\u00bb#000000&#8243; font_size=\u00bb12&#8243; font_family=\u00bbMuli\u00bb letter_spacing=\u00bb2px\u00bb text_transform=\u00bbuppercase\u00bb]Inspiraci\u00f3n[\/vc_column_text][vc_separator color=\u00bbblack\u00bb el_width=\u00bb10&#8243; css=\u00bb\u00bb][vc_empty_space height=\u00bb30px\u00bb][vc_column_text css=\u00bb.vc_custom_1744014674489{padding-right: 5% !important;padding-left: 5% !important;}\u00bb color=\u00bb#010101&#8243; font_family=\u00bbLato\u00bb text_align=\u00bbcenter\u00bb]\n<p class=\"\" data-start=\"162\" data-end=\"387\">En <strong data-start=\"165\" data-end=\"186\">Tr\u00e9sora Barcelona<\/strong>, la inspiraci\u00f3n est\u00e1 tejida en cada detalle. Nos nutrimos de un rico tapiz de arte, cultura y artesan\u00eda, fusionando el saber hacer textil tradicional con las tendencias m\u00e1s vanguardistas de la moda.<\/p>\n<p class=\"\" data-start=\"389\" data-end=\"574\">Cada colecci\u00f3n se construye sobre una base de <strong data-start=\"435\" data-end=\"464\">investigaci\u00f3n e intuici\u00f3n<\/strong>, dando forma a dise\u00f1os que capturan la esencia de la moda contempor\u00e1nea para <strong data-start=\"542\" data-end=\"573\">ni\u00f1os y nuevas generaciones<\/strong>.<\/p>\n[\/vc_column_text][vc_empty_space height=\u00bb30px\u00bb][\/vc_column_inner][vc_column_inner width=\u00bb1\/4&#8243;][\/vc_column_inner][\/vc_row_inner][\/vc_column][\/vc_row]\n<\/div>","protected":false},"excerpt":{"rendered":"<p>[vc_row full_width=\u00bbstretch_row_content\u00bb content_placement=\u00bbbottom\u00bb css=\u00bb.vc_custom_1741815619560{padding-top: 5% !important;background-image: url(https:\/\/tresora.barcelona\/wp-content\/uploads\/2025\/03\/fonsINSPIRATION-1.jpg?id=434) !important;background-position: center !important;background-repeat: no-repeat !important;background-size: cover !important;}\u00bb][vc_column css=\u00bb.vc_custom_1741815507552{padding-top: 10% !important;}\u00bb][vc_empty_space height=\u00bb200px\u00bb][vc_row_inner][vc_column_inner width=\u00bb1\/4&#8243;][\/vc_column_inner][vc_column_inner width=\u00bb1\/2&#8243; css=\u00bb.vc_custom_1741815366384{padding-top: 5% !important;padding-right: 5% !important;padding-bottom: 5% !important;padding-left: 5% !important;background-color: #FFFFFF91 !important;border-radius: 10px !important;}\u00bb][vc_empty_space height=\u00bb50px\u00bb][vc_column_text css=\u00bb\u00bb text_align=\u00bbcenter\u00bb color=\u00bb#000000&#8243; font_size=\u00bb30&#8243; font_family=\u00bbLibre Baskerville\u00bb letter_spacing=\u00bb-1px\u00bb line_height=\u00bbtight\u00bb font_weight=\u00bb300&#8243;]Una fusi\u00f3n de herencia, innovaci\u00f3n y arte textil para la nueva generaci\u00f3n[\/vc_column_text][vc_empty_space height=\u00bb10px\u00bb][vc_column_text&hellip;<\/p>\n","protected":false},"author":2,"featured_media":0,"parent":0,"menu_order":0,"comment_status":"closed","ping_status":"closed","template":"","meta":{"footnotes":""},"class_list":["post-485","page","type-page","status-publish","hentry","entry","no-media"],"yoast_head":"<!-- This site is optimized with the Yoast SEO plugin v24.8.1 - https:\/\/yoast.com\/wordpress\/plugins\/seo\/ -->\n<title>Inspiraci\u00f3n - Tr\u00e9sora Barcelona<\/title>\n<meta name=\"robots\" content=\"index, follow, max-snippet:-1, max-image-preview:large, max-video-preview:-1\" \/>\n<link rel=\"canonical\" href=\"https:\/\/tresora.barcelona\/es\/inspiracion\/\" \/>\n<meta property=\"og:locale\" content=\"es_ES\" \/>\n<meta property=\"og:type\" content=\"article\" \/>\n<meta property=\"og:title\" content=\"Inspiraci\u00f3n - Tr\u00e9sora Barcelona\" \/>\n<meta property=\"og:description\" content=\"[vc_row full_width=\u00bbstretch_row_content\u00bb content_placement=\u00bbbottom\u00bb css=\u00bb.vc_custom_1741815619560{padding-top: 5% !important;background-image: url(https:\/\/tresora.barcelona\/wp-content\/uploads\/2025\/03\/fonsINSPIRATION-1.jpg?id=434) !important;background-position: center !important;background-repeat: no-repeat !important;background-size: cover !important;}\u00bb][vc_column css=\u00bb.vc_custom_1741815507552{padding-top: 10% !important;}\u00bb][vc_empty_space height=\u00bb200px\u00bb][vc_row_inner][vc_column_inner width=\u00bb1\/4&#8243;][\/vc_column_inner][vc_column_inner width=\u00bb1\/2&#8243; css=\u00bb.vc_custom_1741815366384{padding-top: 5% !important;padding-right: 5% !important;padding-bottom: 5% !important;padding-left: 5% !important;background-color: #FFFFFF91 !important;border-radius: 10px !important;}\u00bb][vc_empty_space height=\u00bb50px\u00bb][vc_column_text css=\u00bb\u00bb text_align=\u00bbcenter\u00bb color=\u00bb#000000&#8243; font_size=\u00bb30&#8243; font_family=\u00bbLibre Baskerville\u00bb letter_spacing=\u00bb-1px\u00bb line_height=\u00bbtight\u00bb font_weight=\u00bb300&#8243;]Una fusi\u00f3n de herencia, innovaci\u00f3n y arte textil para la nueva generaci\u00f3n[\/vc_column_text][vc_empty_space height=\u00bb10px\u00bb][vc_column_text&hellip;\" \/>\n<meta property=\"og:url\" content=\"https:\/\/tresora.barcelona\/es\/inspiracion\/\" \/>\n<meta property=\"og:site_name\" content=\"Tr\u00e9sora Barcelona\" \/>\n<meta property=\"article:modified_time\" content=\"2025-04-07T08:49:36+00:00\" \/>\n<meta name=\"twitter:card\" content=\"summary_large_image\" \/>\n<meta name=\"twitter:label1\" content=\"Tiempo de lectura\" \/>\n\t<meta name=\"twitter:data1\" content=\"1 minuto\" \/>\n<script type=\"application\/ld+json\" class=\"yoast-schema-graph\">{\"@context\":\"https:\/\/schema.org\",\"@graph\":[{\"@type\":\"WebPage\",\"@id\":\"https:\/\/tresora.barcelona\/es\/inspiracion\/\",\"url\":\"https:\/\/tresora.barcelona\/es\/inspiracion\/\",\"name\":\"Inspiraci\u00f3n - Tr\u00e9sora Barcelona\",\"isPartOf\":{\"@id\":\"https:\/\/tresora.barcelona\/#website\"},\"datePublished\":\"2025-03-12T21:30:01+00:00\",\"dateModified\":\"2025-04-07T08:49:36+00:00\",\"breadcrumb\":{\"@id\":\"https:\/\/tresora.barcelona\/es\/inspiracion\/#breadcrumb\"},\"inLanguage\":\"es\",\"potentialAction\":[{\"@type\":\"ReadAction\",\"target\":[\"https:\/\/tresora.barcelona\/es\/inspiracion\/\"]}]},{\"@type\":\"BreadcrumbList\",\"@id\":\"https:\/\/tresora.barcelona\/es\/inspiracion\/#breadcrumb\",\"itemListElement\":[{\"@type\":\"ListItem\",\"position\":1,\"name\":\"Home\",\"item\":\"https:\/\/tresora.barcelona\/es\/\"},{\"@type\":\"ListItem\",\"position\":2,\"name\":\"Inspiraci\u00f3n\"}]},{\"@type\":\"WebSite\",\"@id\":\"https:\/\/tresora.barcelona\/#website\",\"url\":\"https:\/\/tresora.barcelona\/\",\"name\":\"Tr\u00e9sora Barcelona\",\"description\":\"Cetrex new project\",\"publisher\":{\"@id\":\"https:\/\/tresora.barcelona\/#organization\"},\"potentialAction\":[{\"@type\":\"SearchAction\",\"target\":{\"@type\":\"EntryPoint\",\"urlTemplate\":\"https:\/\/tresora.barcelona\/?s={search_term_string}\"},\"query-input\":{\"@type\":\"PropertyValueSpecification\",\"valueRequired\":true,\"valueName\":\"search_term_string\"}}],\"inLanguage\":\"es\"},{\"@type\":\"Organization\",\"@id\":\"https:\/\/tresora.barcelona\/#organization\",\"name\":\"Tr\u00e9sora Barcelona\",\"url\":\"https:\/\/tresora.barcelona\/\",\"logo\":{\"@type\":\"ImageObject\",\"inLanguage\":\"es\",\"@id\":\"https:\/\/tresora.barcelona\/#\/schema\/logo\/image\/\",\"url\":\"https:\/\/tresora.barcelona\/wp-content\/uploads\/2025\/01\/LOGO.png\",\"contentUrl\":\"https:\/\/tresora.barcelona\/wp-content\/uploads\/2025\/01\/LOGO.png\",\"width\":1179,\"height\":478,\"caption\":\"Tr\u00e9sora Barcelona\"},\"image\":{\"@id\":\"https:\/\/tresora.barcelona\/#\/schema\/logo\/image\/\"}}]}<\/script>\n<!-- \/ Yoast SEO plugin. -->","yoast_head_json":{"title":"Inspiraci\u00f3n - Tr\u00e9sora Barcelona","robots":{"index":"index","follow":"follow","max-snippet":"max-snippet:-1","max-image-preview":"max-image-preview:large","max-video-preview":"max-video-preview:-1"},"canonical":"https:\/\/tresora.barcelona\/es\/inspiracion\/","og_locale":"es_ES","og_type":"article","og_title":"Inspiraci\u00f3n - Tr\u00e9sora Barcelona","og_description":"[vc_row full_width=\u00bbstretch_row_content\u00bb content_placement=\u00bbbottom\u00bb css=\u00bb.vc_custom_1741815619560{padding-top: 5% !important;background-image: url(https:\/\/tresora.barcelona\/wp-content\/uploads\/2025\/03\/fonsINSPIRATION-1.jpg?id=434) !important;background-position: center !important;background-repeat: no-repeat !important;background-size: cover !important;}\u00bb][vc_column css=\u00bb.vc_custom_1741815507552{padding-top: 10% !important;}\u00bb][vc_empty_space height=\u00bb200px\u00bb][vc_row_inner][vc_column_inner width=\u00bb1\/4&#8243;][\/vc_column_inner][vc_column_inner width=\u00bb1\/2&#8243; css=\u00bb.vc_custom_1741815366384{padding-top: 5% !important;padding-right: 5% !important;padding-bottom: 5% !important;padding-left: 5% !important;background-color: #FFFFFF91 !important;border-radius: 10px !important;}\u00bb][vc_empty_space height=\u00bb50px\u00bb][vc_column_text css=\u00bb\u00bb text_align=\u00bbcenter\u00bb color=\u00bb#000000&#8243; font_size=\u00bb30&#8243; font_family=\u00bbLibre Baskerville\u00bb letter_spacing=\u00bb-1px\u00bb line_height=\u00bbtight\u00bb font_weight=\u00bb300&#8243;]Una fusi\u00f3n de herencia, innovaci\u00f3n y arte textil para la nueva generaci\u00f3n[\/vc_column_text][vc_empty_space height=\u00bb10px\u00bb][vc_column_text&hellip;","og_url":"https:\/\/tresora.barcelona\/es\/inspiracion\/","og_site_name":"Tr\u00e9sora Barcelona","article_modified_time":"2025-04-07T08:49:36+00:00","twitter_card":"summary_large_image","twitter_misc":{"Tiempo de lectura":"1 minuto"},"schema":{"@context":"https:\/\/schema.org","@graph":[{"@type":"WebPage","@id":"https:\/\/tresora.barcelona\/es\/inspiracion\/","url":"https:\/\/tresora.barcelona\/es\/inspiracion\/","name":"Inspiraci\u00f3n - Tr\u00e9sora Barcelona","isPartOf":{"@id":"https:\/\/tresora.barcelona\/#website"},"datePublished":"2025-03-12T21:30:01+00:00","dateModified":"2025-04-07T08:49:36+00:00","breadcrumb":{"@id":"https:\/\/tresora.barcelona\/es\/inspiracion\/#breadcrumb"},"inLanguage":"es","potentialAction":[{"@type":"ReadAction","target":["https:\/\/tresora.barcelona\/es\/inspiracion\/"]}]},{"@type":"BreadcrumbList","@id":"https:\/\/tresora.barcelona\/es\/inspiracion\/#breadcrumb","itemListElement":[{"@type":"ListItem","position":1,"name":"Home","item":"https:\/\/tresora.barcelona\/es\/"},{"@type":"ListItem","position":2,"name":"Inspiraci\u00f3n"}]},{"@type":"WebSite","@id":"https:\/\/tresora.barcelona\/#website","url":"https:\/\/tresora.barcelona\/","name":"Tr\u00e9sora Barcelona","description":"Cetrex new project","publisher":{"@id":"https:\/\/tresora.barcelona\/#organization"},"potentialAction":[{"@type":"SearchAction","target":{"@type":"EntryPoint","urlTemplate":"https:\/\/tresora.barcelona\/?s={search_term_string}"},"query-input":{"@type":"PropertyValueSpecification","valueRequired":true,"valueName":"search_term_string"}}],"inLanguage":"es"},{"@type":"Organization","@id":"https:\/\/tresora.barcelona\/#organization","name":"Tr\u00e9sora Barcelona","url":"https:\/\/tresora.barcelona\/","logo":{"@type":"ImageObject","inLanguage":"es","@id":"https:\/\/tresora.barcelona\/#\/schema\/logo\/image\/","url":"https:\/\/tresora.barcelona\/wp-content\/uploads\/2025\/01\/LOGO.png","contentUrl":"https:\/\/tresora.barcelona\/wp-content\/uploads\/2025\/01\/LOGO.png","width":1179,"height":478,"caption":"Tr\u00e9sora Barcelona"},"image":{"@id":"https:\/\/tresora.barcelona\/#\/schema\/logo\/image\/"}}]}},"_links":{"self":[{"href":"https:\/\/tresora.barcelona\/es\/wp-json\/wp\/v2\/pages\/485","targetHints":{"allow":["GET"]}}],"collection":[{"href":"https:\/\/tresora.barcelona\/es\/wp-json\/wp\/v2\/pages"}],"about":[{"href":"https:\/\/tresora.barcelona\/es\/wp-json\/wp\/v2\/types\/page"}],"author":[{"embeddable":true,"href":"https:\/\/tresora.barcelona\/es\/wp-json\/wp\/v2\/users\/2"}],"replies":[{"embeddable":true,"href":"https:\/\/tresora.barcelona\/es\/wp-json\/wp\/v2\/comments?post=485"}],"version-history":[{"count":4,"href":"https:\/\/tresora.barcelona\/es\/wp-json\/wp\/v2\/pages\/485\/revisions"}],"predecessor-version":[{"id":507,"href":"https:\/\/tresora.barcelona\/es\/wp-json\/wp\/v2\/pages\/485\/revisions\/507"}],"wp:attachment":[{"href":"https:\/\/tresora.barcelona\/es\/wp-json\/wp\/v2\/media?parent=485"}],"curies":[{"name":"wp","href":"https:\/\/api.w.org\/{rel}","templated":true}]}}