{"id":486,"date":"2023-05-24T09:02:43","date_gmt":"2023-05-24T09:02:43","guid":{"rendered":"https:\/\/tresora.barcelona\/home\/"},"modified":"2025-05-06T07:41:35","modified_gmt":"2025-05-06T07:41:35","slug":"home","status":"publish","type":"page","link":"https:\/\/tresora.barcelona\/es\/","title":{"rendered":"Tr\u00e9sora Barcelona"},"content":{"rendered":"<div class=\"wpb-content-wrapper\">[vc_row full_width=\u00bbstretch_row_content_no_spaces\u00bb css=\u00bb.vc_custom_1739132242729{padding-top: 2% !important;background-image: url(https:\/\/tresora.barcelona\/wp-content\/uploads\/2025\/01\/banner-2.jpg?id=173) !important;background-position: center !important;background-repeat: no-repeat !important;background-size: cover !important;}\u00bb][vc_column][vc_empty_space height=\u00bb650px\u00bb][vc_row_inner][vc_column_inner][vc_empty_space height=\u00bb20px\u00bb][vc_column_text css=\u00bb\u00bb text_align=\u00bbcenter\u00bb color=\u00bb#000000&#8243; font_size=\u00bb44&#8243; font_family=\u00bbLibre Baskerville\u00bb letter_spacing=\u00bb-1px\u00bb line_height=\u00bbtight\u00bb font_weight=\u00bb300&#8243;]Del hilo a la tendencia[\/vc_column_text][vc_column_text css=\u00bb\u00bb text_align=\u00bbcenter\u00bb color=\u00bb#010101&#8243; font_size=\u00bb18&#8243; font_family=\u00bbLato\u00bb line_height=\u00bbtight\u00bb font_weight=\u00bb400&#8243;]Dise\u00f1o textil innovador para marcas[\/vc_column_text][vc_empty_space height=\u00bb20px\u00bb][vc_column_text css=\u00bb\u00bb text_align=\u00bbcenter\u00bb color=\u00bb#010101&#8243; font_size=\u00bb16&#8243; font_family=\u00bbLato\u00bb line_height=\u00bbtight\u00bb font_weight=\u00bb400&#8243;]<img loading=\"lazy\" decoding=\"async\" class=\"wp-image-246 aligncenter\" src=\"https:\/\/tresora.barcelona\/wp-content\/uploads\/2025\/02\/maniqui-162x300.png\" alt=\"\" width=\"25\" height=\"46\" srcset=\"https:\/\/tresora.barcelona\/wp-content\/uploads\/2025\/02\/maniqui-162x300.png 162w, https:\/\/tresora.barcelona\/wp-content\/uploads\/2025\/02\/maniqui.png 219w\" sizes=\"auto, (max-width: 25px) 100vw, 25px\" \/>[\/vc_column_text][vc_btn title=\u00bbTR\u00c9SORA DISE\u00d1O TEXTIL\u00bb style=\u00bboutline\u00bb color=\u00bbblack\u00bb size=\u00bbxs\u00bb align=\u00bbcenter\u00bb css=\u00bb\u00bb link=\u00bburl:https%3A%2F%2Ftresora.barcelona%2Fes%2Fdiseno-textil%2F|\u00bb][\/vc_column_inner][\/vc_row_inner][\/vc_column][\/vc_row][vc_row full_width=\u00bbstretch_row_content\u00bb content_placement=\u00bbbottom\u00bb css=\u00bb.vc_custom_1739142287153{padding-top: 5% !important;}\u00bb][vc_column width=\u00bb1\/2&#8243; css=\u00bb.vc_custom_1739134825549{padding-top: 10% !important;padding-right: 20% !important;padding-left: 10% !important;}\u00bb][vc_column_text css=\u00bb\u00bb text_align=\u00bbleft\u00bb color=\u00bb#000000&#8243; font_size=\u00bb24&#8243; font_family=\u00bbLibre Baskerville\u00bb letter_spacing=\u00bb-1px\u00bb line_height=\u00bbtight\u00bb font_weight=\u00bb300&#8243;]Moda innovadora, creada con precisi\u00f3n[\/vc_column_text][vc_empty_space height=\u00bb30px\u00bb][vc_column_text css=\u00bb\u00bb color=\u00bb#010101&#8243; font_family=\u00bbLato\u00bb]\n<p class=\"\" data-start=\"192\" data-end=\"493\">Transformamos ideas en prendas con un equilibrio meticuloso entre <strong data-start=\"258\" data-end=\"293\">creatividad y precisi\u00f3n t\u00e9cnica<\/strong>. Nuestro servicio de dise\u00f1o abarca todo el proceso: desde la <strong data-start=\"355\" data-end=\"383\">investigaci\u00f3n de mercado<\/strong> y el <strong data-start=\"389\" data-end=\"415\">an\u00e1lisis de tendencias<\/strong>, hasta la <strong data-start=\"426\" data-end=\"453\">selecci\u00f3n de materiales<\/strong> y la <strong data-start=\"459\" data-end=\"490\">gu\u00eda en la producci\u00f3n final<\/strong>.<\/p>\n<blockquote>\n<p class=\"\" data-start=\"495\" data-end=\"698\">Estamos especializados en <strong data-start=\"521\" data-end=\"567\">moda infantil, juvenil y colecciones denim<\/strong>, ofreciendo soluciones a medida para marcas que buscan <strong data-start=\"623\" data-end=\"695\">dise\u00f1os \u00fanicos, orientados a tendencia y con una s\u00f3lida base t\u00e9cnica<\/strong>.<\/p>\n<\/blockquote>\n<p><span style=\"font-size: 16px;\"><strong>Del hilo a la tendencia, damos forma a colecciones que marcan la diferencia.<\/strong><\/span>[\/vc_column_text][vc_empty_space height=\u00bb30px\u00bb][vc_btn title=\u00bbCON\u00d3CENOS\u00bb style=\u00bboutline\u00bb color=\u00bbblack\u00bb size=\u00bbxs\u00bb align=\u00bbleft\u00bb css=\u00bb\u00bb link=\u00bburl:https%3A%2F%2Ftresora.barcelona%2Fes%2Fnosotros%2F|\u00bb][\/vc_column][vc_column width=\u00bb1\/2&#8243;][vc_single_image image=\u00bb268&#8243; style=\u00bbvc_box_shadow_3d\u00bb css=\u00bb\u00bb][vc_column_text css=\u00bb\u00bb color=\u00bb#000000&#8243; font_family=\u00bbLato\u00bb]From Concept to Collection[\/vc_column_text][\/vc_column][\/vc_row][vc_row full_width=\u00bbstretch_row_content\u00bb content_placement=\u00bbtop\u00bb css=\u00bb.vc_custom_1739140574663{padding-top: 5% !important;background: #F6F2EE url(https:\/\/tresora.barcelona\/wp-content\/uploads\/2025\/02\/FONDO-2.jpg?id=313) !important;background-position: center !important;background-repeat: no-repeat !important;background-size: cover !important;}\u00bb][vc_column width=\u00bb1\/2&#8243; css=\u00bb.vc_custom_1739137663006{background-image: url(https:\/\/tresora.barcelona\/wp-content\/uploads\/2025\/02\/inspiration.jpg?id=278) !important;background-position: center !important;background-repeat: no-repeat !important;background-size: contain !important;}\u00bb][vc_empty_space height=\u00bb150px\u00bb][vc_column_text css=\u00bb.vc_custom_1744016381219{margin-right: 5% !important;margin-left: 5% !important;padding-top: 25% !important;padding-right: 5% !important;padding-bottom: 25% !important;padding-left: 5% !important;background-color: #DC9C7C91 !important;}\u00bb text_align=\u00bbcenter\u00bb color=\u00bb#ffffff\u00bb font_size=\u00bb34&#8243; font_family=\u00bbLibre Baskerville\u00bb letter_spacing=\u00bb-1px\u00bb line_height=\u00bbtight\u00bb font_weight=\u00bb300&#8243;]Inspiraci\u00f3n[\/vc_column_text][vc_empty_space height=\u00bb150px\u00bb][\/vc_column][vc_column width=\u00bb1\/2&#8243; css=\u00bb.vc_custom_1739134825549{padding-top: 10% !important;padding-right: 20% !important;padding-left: 10% !important;}\u00bb][vc_column_text css=\u00bb\u00bb text_align=\u00bbleft\u00bb color=\u00bb#000000&#8243; font_size=\u00bb24&#8243; font_family=\u00bbLibre Baskerville\u00bb letter_spacing=\u00bb-1px\u00bb line_height=\u00bbtight\u00bb font_weight=\u00bb300&#8243;]Una fusi\u00f3n de herencia, innovaci\u00f3n y arte textil para la nueva generaci\u00f3n[\/vc_column_text][vc_empty_space height=\u00bb30px\u00bb][vc_column_text css=\u00bb\u00bb color=\u00bb#010101&#8243; font_family=\u00bbLato\u00bb]\n<p class=\"\" data-start=\"913\" data-end=\"1115\">La inspiraci\u00f3n est\u00e1 tejida en cada detalle. Extraemos referencias de un rico tapiz de <strong data-start=\"999\" data-end=\"1030\">arte, cultura y saber hacer<\/strong>, fusionando el conocimiento textil tradicional con las \u00faltimas tendencias de moda.<\/p>\n<blockquote>\n<p class=\"\" data-start=\"1117\" data-end=\"1384\"><strong data-start=\"1117\" data-end=\"1130\">Barcelona<\/strong>, una ciudad reconocida por su elegancia arquitect\u00f3nica y su vitalidad mediterr\u00e1nea, es nuestro lienzo creativo. Su equilibrio entre <strong data-start=\"1263\" data-end=\"1288\">herencia y modernidad<\/strong> influye en nuestro enfoque, donde <strong data-start=\"1323\" data-end=\"1381\">texturas, colores y tejidos cuentan una historia \u00fanica<\/strong>.<\/p>\n<\/blockquote>\n<p class=\"\" data-start=\"1386\" data-end=\"1423\">Nuestra filosof\u00eda de dise\u00f1o abarca:<\/p>\n<ul data-start=\"1424\" data-end=\"1917\">\n<li class=\"\" data-start=\"1424\" data-end=\"1601\">\n<p class=\"\" data-start=\"1426\" data-end=\"1601\"><strong data-start=\"1426\" data-end=\"1470\">Tejidos naturales y de alto rendimiento:<\/strong> Desde <strong data-start=\"1477\" data-end=\"1504\">algod\u00f3n org\u00e1nico y lino<\/strong>, hasta <strong data-start=\"1512\" data-end=\"1554\">textiles t\u00e9cnicos de \u00faltima generaci\u00f3n<\/strong>, priorizamos la calidad y la sostenibilidad.<\/p>\n<\/li>\n<li class=\"\" data-start=\"1602\" data-end=\"1775\">\n<p class=\"\" data-start=\"1604\" data-end=\"1775\"><strong data-start=\"1604\" data-end=\"1635\">Paletas de color refinadas:<\/strong> Neutros terrosos, \u00edndigos profundos y pasteles soleados evocan una <strong data-start=\"1703\" data-end=\"1730\">sofisticaci\u00f3n atemporal<\/strong>, sin perder la conexi\u00f3n con la actualidad.<\/p>\n<\/li>\n<li class=\"\" data-start=\"1776\" data-end=\"1917\">\n<p class=\"\" data-start=\"1778\" data-end=\"1917\"><strong data-start=\"1778\" data-end=\"1811\">Enfoque en textura y detalle:<\/strong> Trabajamos con <strong data-start=\"1827\" data-end=\"1875\">denim, puntos suaves y tejidos estructurados<\/strong>, equilibrando funcionalidad y est\u00e9tica.<\/p>\n<\/li>\n<\/ul>\n<p><span style=\"font-size: 16px;\"><strong>Transformamos la inspiraci\u00f3n en creaciones tangibles, modernas y con visi\u00f3n de futuro.<\/strong><\/span>[\/vc_column_text][vc_empty_space height=\u00bb30px\u00bb][vc_btn title=\u00bbINSPIRACI\u00d3N Y TENDENCIAS\u00bb style=\u00bboutline\u00bb color=\u00bbblack\u00bb size=\u00bbxs\u00bb align=\u00bbleft\u00bb css=\u00bb\u00bb link=\u00bburl:https%3A%2F%2Ftresora.barcelona%2Fes%2Finspiracion%2F\u00bb][\/vc_column][\/vc_row]\n<\/div>","protected":false},"excerpt":{"rendered":"<p>[vc_row full_width=\u00bbstretch_row_content_no_spaces\u00bb css=\u00bb.vc_custom_1739132242729{padding-top: 2% !important;background-image: url(https:\/\/tresora.barcelona\/wp-content\/uploads\/2025\/01\/banner-2.jpg?id=173) !important;background-position: center !important;background-repeat: no-repeat !important;background-size: cover !important;}\u00bb][vc_column][vc_empty_space height=\u00bb650px\u00bb][vc_row_inner][vc_column_inner][vc_empty_space height=\u00bb20px\u00bb][vc_column_text css=\u00bb\u00bb text_align=\u00bbcenter\u00bb color=\u00bb#000000&#8243; font_size=\u00bb44&#8243; font_family=\u00bbLibre Baskerville\u00bb letter_spacing=\u00bb-1px\u00bb line_height=\u00bbtight\u00bb font_weight=\u00bb300&#8243;]Del hilo a la tendencia[\/vc_column_text][vc_column_text css=\u00bb\u00bb text_align=\u00bbcenter\u00bb color=\u00bb#010101&#8243; font_size=\u00bb18&#8243; font_family=\u00bbLato\u00bb line_height=\u00bbtight\u00bb font_weight=\u00bb400&#8243;]Dise\u00f1o textil innovador para marcas[\/vc_column_text][vc_empty_space height=\u00bb20px\u00bb][vc_column_text css=\u00bb\u00bb text_align=\u00bbcenter\u00bb color=\u00bb#010101&#8243; font_size=\u00bb16&#8243; font_family=\u00bbLato\u00bb line_height=\u00bbtight\u00bb font_weight=\u00bb400&#8243;][\/vc_column_text][vc_btn title=\u00bbTR\u00c9SORA DISE\u00d1O TEXTIL\u00bb style=\u00bboutline\u00bb color=\u00bbblack\u00bb size=\u00bbxs\u00bb align=\u00bbcenter\u00bb css=\u00bb\u00bb&hellip;<\/p>\n","protected":false},"author":1,"featured_media":454,"parent":0,"menu_order":0,"comment_status":"closed","ping_status":"closed","template":"","meta":{"footnotes":""},"class_list":["post-486","page","type-page","status-publish","has-post-thumbnail","hentry","entry","has-media"],"yoast_head":"<!-- This site is optimized with the Yoast SEO plugin v24.8.1 - https:\/\/yoast.com\/wordpress\/plugins\/seo\/ -->\n<title>Tr\u00e9sora Barcelona - Dise\u00f1o textil innovador para marcas<\/title>\n<meta name=\"description\" content=\"Tr\u00e9sora Barcelona, del hilo a la tendencia. Transformamos ideas en prendas con un equilibrio meticuloso entre creatividad y precisi\u00f3n t\u00e9cnica\" \/>\n<meta name=\"robots\" content=\"index, follow, max-snippet:-1, max-image-preview:large, max-video-preview:-1\" \/>\n<link rel=\"canonical\" href=\"https:\/\/tresora.barcelona\/es\/\" \/>\n<meta property=\"og:locale\" content=\"es_ES\" \/>\n<meta property=\"og:type\" content=\"article\" \/>\n<meta property=\"og:title\" content=\"Tr\u00e9sora Barcelona - Dise\u00f1o textil innovador para marcas\" \/>\n<meta property=\"og:description\" content=\"Tr\u00e9sora Barcelona, del hilo a la tendencia. Transformamos ideas en prendas con un equilibrio meticuloso entre creatividad y precisi\u00f3n t\u00e9cnica\" \/>\n<meta property=\"og:url\" content=\"https:\/\/tresora.barcelona\/es\/\" \/>\n<meta property=\"og:site_name\" content=\"Tr\u00e9sora Barcelona\" \/>\n<meta property=\"article:modified_time\" content=\"2025-05-06T07:41:35+00:00\" \/>\n<meta property=\"og:image\" content=\"https:\/\/tresora.barcelona\/wp-content\/uploads\/2025\/01\/banner.jpg\" \/>\n\t<meta property=\"og:image:width\" content=\"2000\" \/>\n\t<meta property=\"og:image:height\" content=\"1506\" \/>\n\t<meta property=\"og:image:type\" content=\"image\/jpeg\" \/>\n<meta name=\"twitter:card\" content=\"summary_large_image\" \/>\n<meta name=\"twitter:label1\" content=\"Tiempo de lectura\" \/>\n\t<meta name=\"twitter:data1\" content=\"3 minutos\" \/>\n<script type=\"application\/ld+json\" class=\"yoast-schema-graph\">{\"@context\":\"https:\/\/schema.org\",\"@graph\":[{\"@type\":\"WebPage\",\"@id\":\"https:\/\/tresora.barcelona\/es\/\",\"url\":\"https:\/\/tresora.barcelona\/es\/\",\"name\":\"Tr\u00e9sora Barcelona - Dise\u00f1o textil innovador para marcas\",\"isPartOf\":{\"@id\":\"https:\/\/tresora.barcelona\/#website\"},\"primaryImageOfPage\":{\"@id\":\"https:\/\/tresora.barcelona\/es\/#primaryimage\"},\"image\":{\"@id\":\"https:\/\/tresora.barcelona\/es\/#primaryimage\"},\"thumbnailUrl\":\"https:\/\/tresora.barcelona\/wp-content\/uploads\/2025\/01\/banner.jpg\",\"datePublished\":\"2023-05-24T09:02:43+00:00\",\"dateModified\":\"2025-05-06T07:41:35+00:00\",\"description\":\"Tr\u00e9sora Barcelona, del hilo a la tendencia. Transformamos ideas en prendas con un equilibrio meticuloso entre creatividad y precisi\u00f3n t\u00e9cnica\",\"breadcrumb\":{\"@id\":\"https:\/\/tresora.barcelona\/es\/#breadcrumb\"},\"inLanguage\":\"es\",\"potentialAction\":[{\"@type\":\"ReadAction\",\"target\":[\"https:\/\/tresora.barcelona\/es\/\"]}]},{\"@type\":\"ImageObject\",\"inLanguage\":\"es\",\"@id\":\"https:\/\/tresora.barcelona\/es\/#primaryimage\",\"url\":\"https:\/\/tresora.barcelona\/wp-content\/uploads\/2025\/01\/banner.jpg\",\"contentUrl\":\"https:\/\/tresora.barcelona\/wp-content\/uploads\/2025\/01\/banner.jpg\",\"width\":2000,\"height\":1506,\"caption\":\"tr\u00e9sora barcelona\"},{\"@type\":\"BreadcrumbList\",\"@id\":\"https:\/\/tresora.barcelona\/es\/#breadcrumb\",\"itemListElement\":[{\"@type\":\"ListItem\",\"position\":1,\"name\":\"Home\",\"item\":\"https:\/\/tresora.barcelona\/es\/\"},{\"@type\":\"ListItem\",\"position\":2,\"name\":\"Tr\u00e9sora Barcelona\"}]},{\"@type\":\"WebSite\",\"@id\":\"https:\/\/tresora.barcelona\/#website\",\"url\":\"https:\/\/tresora.barcelona\/\",\"name\":\"Tr\u00e9sora Barcelona\",\"description\":\"Cetrex new project\",\"publisher\":{\"@id\":\"https:\/\/tresora.barcelona\/#organization\"},\"potentialAction\":[{\"@type\":\"SearchAction\",\"target\":{\"@type\":\"EntryPoint\",\"urlTemplate\":\"https:\/\/tresora.barcelona\/?s={search_term_string}\"},\"query-input\":{\"@type\":\"PropertyValueSpecification\",\"valueRequired\":true,\"valueName\":\"search_term_string\"}}],\"inLanguage\":\"es\"},{\"@type\":\"Organization\",\"@id\":\"https:\/\/tresora.barcelona\/#organization\",\"name\":\"Tr\u00e9sora Barcelona\",\"url\":\"https:\/\/tresora.barcelona\/\",\"logo\":{\"@type\":\"ImageObject\",\"inLanguage\":\"es\",\"@id\":\"https:\/\/tresora.barcelona\/#\/schema\/logo\/image\/\",\"url\":\"https:\/\/tresora.barcelona\/wp-content\/uploads\/2025\/01\/LOGO.png\",\"contentUrl\":\"https:\/\/tresora.barcelona\/wp-content\/uploads\/2025\/01\/LOGO.png\",\"width\":1179,\"height\":478,\"caption\":\"Tr\u00e9sora Barcelona\"},\"image\":{\"@id\":\"https:\/\/tresora.barcelona\/#\/schema\/logo\/image\/\"}}]}<\/script>\n<!-- \/ Yoast SEO plugin. -->","yoast_head_json":{"title":"Tr\u00e9sora Barcelona - Dise\u00f1o textil innovador para marcas","description":"Tr\u00e9sora Barcelona, del hilo a la tendencia. Transformamos ideas en prendas con un equilibrio meticuloso entre creatividad y precisi\u00f3n t\u00e9cnica","robots":{"index":"index","follow":"follow","max-snippet":"max-snippet:-1","max-image-preview":"max-image-preview:large","max-video-preview":"max-video-preview:-1"},"canonical":"https:\/\/tresora.barcelona\/es\/","og_locale":"es_ES","og_type":"article","og_title":"Tr\u00e9sora Barcelona - Dise\u00f1o textil innovador para marcas","og_description":"Tr\u00e9sora Barcelona, del hilo a la tendencia. Transformamos ideas en prendas con un equilibrio meticuloso entre creatividad y precisi\u00f3n t\u00e9cnica","og_url":"https:\/\/tresora.barcelona\/es\/","og_site_name":"Tr\u00e9sora Barcelona","article_modified_time":"2025-05-06T07:41:35+00:00","og_image":[{"width":2000,"height":1506,"url":"https:\/\/tresora.barcelona\/wp-content\/uploads\/2025\/01\/banner.jpg","type":"image\/jpeg"}],"twitter_card":"summary_large_image","twitter_misc":{"Tiempo de lectura":"3 minutos"},"schema":{"@context":"https:\/\/schema.org","@graph":[{"@type":"WebPage","@id":"https:\/\/tresora.barcelona\/es\/","url":"https:\/\/tresora.barcelona\/es\/","name":"Tr\u00e9sora Barcelona - Dise\u00f1o textil innovador para marcas","isPartOf":{"@id":"https:\/\/tresora.barcelona\/#website"},"primaryImageOfPage":{"@id":"https:\/\/tresora.barcelona\/es\/#primaryimage"},"image":{"@id":"https:\/\/tresora.barcelona\/es\/#primaryimage"},"thumbnailUrl":"https:\/\/tresora.barcelona\/wp-content\/uploads\/2025\/01\/banner.jpg","datePublished":"2023-05-24T09:02:43+00:00","dateModified":"2025-05-06T07:41:35+00:00","description":"Tr\u00e9sora Barcelona, del hilo a la tendencia. Transformamos ideas en prendas con un equilibrio meticuloso entre creatividad y precisi\u00f3n t\u00e9cnica","breadcrumb":{"@id":"https:\/\/tresora.barcelona\/es\/#breadcrumb"},"inLanguage":"es","potentialAction":[{"@type":"ReadAction","target":["https:\/\/tresora.barcelona\/es\/"]}]},{"@type":"ImageObject","inLanguage":"es","@id":"https:\/\/tresora.barcelona\/es\/#primaryimage","url":"https:\/\/tresora.barcelona\/wp-content\/uploads\/2025\/01\/banner.jpg","contentUrl":"https:\/\/tresora.barcelona\/wp-content\/uploads\/2025\/01\/banner.jpg","width":2000,"height":1506,"caption":"tr\u00e9sora barcelona"},{"@type":"BreadcrumbList","@id":"https:\/\/tresora.barcelona\/es\/#breadcrumb","itemListElement":[{"@type":"ListItem","position":1,"name":"Home","item":"https:\/\/tresora.barcelona\/es\/"},{"@type":"ListItem","position":2,"name":"Tr\u00e9sora Barcelona"}]},{"@type":"WebSite","@id":"https:\/\/tresora.barcelona\/#website","url":"https:\/\/tresora.barcelona\/","name":"Tr\u00e9sora Barcelona","description":"Cetrex new project","publisher":{"@id":"https:\/\/tresora.barcelona\/#organization"},"potentialAction":[{"@type":"SearchAction","target":{"@type":"EntryPoint","urlTemplate":"https:\/\/tresora.barcelona\/?s={search_term_string}"},"query-input":{"@type":"PropertyValueSpecification","valueRequired":true,"valueName":"search_term_string"}}],"inLanguage":"es"},{"@type":"Organization","@id":"https:\/\/tresora.barcelona\/#organization","name":"Tr\u00e9sora Barcelona","url":"https:\/\/tresora.barcelona\/","logo":{"@type":"ImageObject","inLanguage":"es","@id":"https:\/\/tresora.barcelona\/#\/schema\/logo\/image\/","url":"https:\/\/tresora.barcelona\/wp-content\/uploads\/2025\/01\/LOGO.png","contentUrl":"https:\/\/tresora.barcelona\/wp-content\/uploads\/2025\/01\/LOGO.png","width":1179,"height":478,"caption":"Tr\u00e9sora Barcelona"},"image":{"@id":"https:\/\/tresora.barcelona\/#\/schema\/logo\/image\/"}}]}},"_links":{"self":[{"href":"https:\/\/tresora.barcelona\/es\/wp-json\/wp\/v2\/pages\/486","targetHints":{"allow":["GET"]}}],"collection":[{"href":"https:\/\/tresora.barcelona\/es\/wp-json\/wp\/v2\/pages"}],"about":[{"href":"https:\/\/tresora.barcelona\/es\/wp-json\/wp\/v2\/types\/page"}],"author":[{"embeddable":true,"href":"https:\/\/tresora.barcelona\/es\/wp-json\/wp\/v2\/users\/1"}],"replies":[{"embeddable":true,"href":"https:\/\/tresora.barcelona\/es\/wp-json\/wp\/v2\/comments?post=486"}],"version-history":[{"count":16,"href":"https:\/\/tresora.barcelona\/es\/wp-json\/wp\/v2\/pages\/486\/revisions"}],"predecessor-version":[{"id":534,"href":"https:\/\/tresora.barcelona\/es\/wp-json\/wp\/v2\/pages\/486\/revisions\/534"}],"wp:featuredmedia":[{"embeddable":true,"href":"https:\/\/tresora.barcelona\/es\/wp-json\/wp\/v2\/media\/454"}],"wp:attachment":[{"href":"https:\/\/tresora.barcelona\/es\/wp-json\/wp\/v2\/media?parent=486"}],"curies":[{"name":"wp","href":"https:\/\/api.w.org\/{rel}","templated":true}]}}